{"id":103,"date":"2021-04-09T11:06:27","date_gmt":"2021-04-09T09:06:27","guid":{"rendered":"https:\/\/www.pension-sila.de\/contacto\/"},"modified":"2025-01-11T18:43:27","modified_gmt":"2025-01-11T17:43:27","slug":"contacto","status":"publish","type":"page","link":"https:\/\/www.pension-sila.de\/pt-pt\/contacto\/","title":{"rendered":"Consultas e direc\u00e7\u00f5es"},"content":{"rendered":"<h1>Consultas e direc\u00e7\u00f5es<\/h1>\n<div>\n<p>Tem alguma pergunta? Por favor envie-nos uma mensagem com os seus dados de contacto e o seu pedido.<br \/>Entraremos em contacto consigo o mais rapidamente poss\u00edvel.<\/p>\n<\/div>\n<h2>Pens\u00e3o SiLa<\/h2>\n<div>\n<p>Georg-August-Zinn-Stra\u00dfe 57<br \/>64823 Gro\u00df-Umstadt, Alemanha<\/p>\n<p><a href=\"mailto:info@pension-sila.de\">info@pension-sila.de<\/a><br \/><a href=\"tel:+491743175305\">Tel.: +49 174 31 75 305<\/a><\/p>\n<\/div>\n<p><img decoding=\"async\" src=\"\/wp-content\/uploads\/2023\/06\/hotel-pension-sila-gross-umstadt-frontansicht.webp\" alt=\"Pension Sila - Gro\u00df-Umstadt\" title=\"\"><\/p>\n<div>\n<p>Aguardamos a sua visita.<\/p>\n<\/div>\n<p><img decoding=\"async\" src=\"\/wp-content\/uploads\/2022\/03\/pension-hessen-Familie-Mundinger.svg\" alt=\"Pension Sila - Gro\u00df-Umstadt\" title=\"\"><\/p>\n<h1>Como nos encontrar<\/h1>\n<div>\n<p>Basta clicar no planeador de rotas no canto superior esquerdo e introduzir o seu endere\u00e7o numa nova janela, o google far\u00e1 o resto. \ud83d\ude09<\/p>\n<\/div>\n<div>\n<p>    <iframe src=\"https:\/\/www.google.com\/maps\/embed?pb=!1m18!1m12!1m3!1d2571.5421881801594!2d8.919169451597512!3d49.8698438792982!2m3!1f0!2f0!3f0!3m2!1i1024!2i768!4f13.1!3m3!1m2!1s0x47bd429065801c03%3A0x895ca92b39d637b3!2sPension%20SiLa!5e0!3m2!1sde!2sit!4v1645515116812!5m2!1sde!2sit\" width=\"100%\" height=\"500\" style=\"border:0;\" allowfullscreen=\"\" loading=\"lazy\"><\/iframe>\n<\/div>\n<p><!--more--><br \/>\n<!-- {\"children\":[{\"type\":\"section\",\"props\":{\"image\":\"wp-content\\\/uploads\\\/2022\\\/03\\\/pension-sila-zimmer_3_bed-gross-umstedt.jpg\",\"image_position\":\"center-center\",\"image_size\":\"cover\",\"padding\":\"large\",\"style\":\"default\",\"title_breakpoint\":\"xl\",\"title_position\":\"top-left\",\"title_rotation\":\"left\",\"vertical_align\":\"middle\",\"width\":\"default\"},\"children\":[{\"type\":\"row\",\"children\":[{\"type\":\"column\",\"props\":{\"image_position\":\"center-center\",\"position_sticky_breakpoint\":\"m\",\"width_medium\":\"1-1\"}}]}],\"name\":\"Header-Kontakt\"},{\"type\":\"section\",\"props\":{\"image_position\":\"center-center\",\"style\":\"default\",\"title_breakpoint\":\"xl\",\"title_position\":\"top-left\",\"title_rotation\":\"left\",\"vertical_align\":\"middle\",\"width\":\"default\",\"yooessentials_form\":{\"state\":true,\"after_submit_actions\":[{\"type\":\"email\",\"props\":{\"html\":true,\"attachments\":[null],\"submitted_attachments\":[null],\"subject\":\"Pension Sila\",\"recipients\":\"info@pension-sila.de, {email}\",\"from_name\":\"Pension Sila\",\"from\":\"info@pension-sila.de\",\"body\":\"\n\n<p>Liebe Familie Mundinger, <br \\\/><br \\\/>{anliegen}<br \\\/><br \\\/><strong>Check in:<\\\/strong> {Check in}<br \\\/><strong>Check out:<\\\/strong> {Check out}<br \\\/><br \\\/><strong>Unsere Kontaktdaten:<\\\/strong><br \\\/>{name}<br \\\/>{email}<br \\\/>{tel}<br \\\/><br \\\/>Ich freue mich auf Ihre R\\u00fcckmeldung.<br \\\/><br \\\/>Mit freundlichen Gr\\u00fc\\u00dfen<br \\\/>{name}<br \\\/><br \\\/><\\\/p>\\n\n\n<hr \\\/>\\n\n\n<p>Julia und Dirk Mundinger<\\\/p>\\n\n\n<p><img src=\\\"https:\\\/\\\/projekte.boiebaumann.de\\\/sila\\\/wp-content\\\/uploads\\\/2022\\\/03\\\/pension-sila-mail-300x117.png\\\" width=\\\"121\\\" height=\\\"47\\\" \\\/><\\\/p>\\n\n\n<p>Georg-August-Zinn-Str. 57<br \\\/>D - 64823 Gro\\u00df-Umstadt<\\\/p>\\n\n\n<p>T: 0049 174 3175305<br \\\/>M: <a href=\\\"mailto:info@pension-sila.de\\\">info@pension-sila.de<\\\/a><br \\\/>W: <a href=\\\"http:\\\/\\\/www.pension-sila.de\\\/\\\">www.pension-sila.de<\\\/a><span><\\\/span><\\\/p>\",\"reply_tos\":\"info@pension-sila.de\",\"ccs\":\"{email}\"},\"id\":\"62148f7787ea2\"},{\"type\":\"message\",\"props\":{\"content\":\"\n\n<h2 style=\\\"text-align: center;\\\">Vielen Dank f\\u00fcr Ihre Anfrage!<\\\/h2>\\n\n\n<p style=\\\"text-align: center;\\\"><br \\\/>Ihre Anfrage ist bei uns eingegangen und wir melden uns schnellstm\\u00f6glich bei Ihnen. <br \\\/><br \\\/>Ihre Pension SiLa<br \\\/>Familie Mundinger<\\\/p>\\n\n\n<hr \\\/>\\n\n\n<div class=\\\"uk-panel uk-margin\\\" data-id=\\\"page#1-1-1-1\\\">\\n\n\n<p style=\\\"text-align: center;\\\">Georg-August-Zinn-Stra\\u00dfe 57<br \\\/>64823 Gro\\u00df-Umstadt<\\\/p>\\n\n\n<p style=\\\"text-align: center;\\\"><a href=\\\"mailto:info@pension-sila.de\\\">info@pension-sila.de<\\\/a><br \\\/><a href=\\\"tel:+491743175305\\\">Tel.: +49 174 31 75 305<\\\/a><\\\/p>\\n<\\\/div>\"},\"id\":\"62148f7787ea5\"}],\"html5validation\":true,\"override_action_url\":false,\"action_method\":\"POST\"}},\"children\":[{\"type\":\"row\",\"children\":[{\"type\":\"column\",\"props\":{\"image_position\":\"center-center\",\"position_sticky_breakpoint\":\"m\",\"width_medium\":\"1-1\"},\"children\":[{\"type\":\"headline\",\"props\":{\"content\":\"Consultas e direc\\u00e7\\u00f5es\",\"title_element\":\"h1\"}},{\"type\":\"text\",\"props\":{\"column_breakpoint\":\"m\",\"content\":\"\n\n<p>Tem alguma pergunta? Por favor envie-nos uma mensagem com os seus dados de contacto e o seu pedido.<br \\\/>Entraremos em contacto consigo o mais rapidamente poss\\u00edvel.<\\\/p>\",\"margin\":\"default\"}}]}]},{\"type\":\"row\",\"children\":[{\"type\":\"column\",\"props\":{\"image_position\":\"center-center\",\"position_sticky_breakpoint\":\"m\",\"width_medium\":\"1-2\"},\"children\":[{\"type\":\"yooessentials_form_input\",\"props\":{\"control_icon_align\":\"left\",\"control_width\":\"large\",\"fullwidth\":true,\"grid_column_gap\":\"small\",\"grid_columns_number\":\"auto\",\"grid_row_gap\":\"small\",\"margin\":\"default\",\"show_icon\":true,\"show_label\":true},\"children\":[{\"type\":\"yooessentials_form_input_text\",\"props\":{\"control_icon\":\"user\",\"control_id_inherit\":true,\"control_name\":\"name\",\"control_placeholder\":\"O seu nome*\",\"control_required\":true}}]},{\"type\":\"yooessentials_form_input\",\"props\":{\"control_icon_align\":\"left\",\"control_width\":\"large\",\"fullwidth\":true,\"grid_column_gap\":\"small\",\"grid_columns_number\":\"auto\",\"grid_row_gap\":\"small\",\"margin\":\"default\",\"show_icon\":true,\"show_label\":true},\"children\":[{\"type\":\"yooessentials_form_input_email\",\"props\":{\"control_icon\":\"mail\",\"control_id_inherit\":true,\"control_name\":\"email\",\"control_placeholder\":\"O seu endere\\u00e7o electr\\u00f3nico*\",\"control_required\":true}},{\"type\":\"yooessentials_form_input_tel\",\"props\":{\"control_icon\":\"receiver\",\"control_id_inherit\":true,\"control_name\":\"tel\",\"control_placeholder\":\"O seu n\\u00famero de telefone*\",\"control_required\":true}}]},{\"type\":\"yooessentials_form_honeypot\",\"props\":{\"control_min_seconds\":2,\"control_name\":\"honeypocheck\",\"control_randomize_name\":true}},{\"type\":\"yooessentials_form_input\",\"props\":{\"control_icon_align\":\"left\",\"grid_column_gap\":\"small\",\"grid_columns_number\":\"auto\",\"grid_row_gap\":\"small\",\"margin\":\"default\",\"show_icon\":true,\"show_label\":true},\"children\":[{\"type\":\"yooessentials_form_input_date\",\"props\":{\"control_id_inherit\":true,\"control_label\":\"Check in\",\"control_name\":\"Check in\",\"control_required\":true}},{\"type\":\"yooessentials_form_input_date\",\"props\":{\"control_id_inherit\":true,\"control_label\":\"Check out\",\"control_name\":\"Check out\",\"control_required\":true}}]},{\"type\":\"yooessentials_form_textarea\",\"props\":{\"control_id_inherit\":true,\"control_name\":\"anliegen\",\"control_placeholder\":\"Tem mais alguma pergunta? Por favor, sinta-se \\u00e0 vontade para nos escrever...\",\"control_required\":true,\"control_rows\":4,\"control_width\":\"large\",\"margin\":\"default\"}},{\"type\":\"yooessentials_form_hidden\",\"props\":{\"control_encrypt\":false,\"control_id_inherit\":true,\"control_name\":\"efefcef\"}},{\"type\":\"yooessentials_form_honeypot\",\"props\":{\"control_min_seconds\":2,\"control_name\":\"honeypoteref\",\"control_randomize_name\":true}},{\"type\":\"yooessentials_form_checkbox\",\"props\":{\"control_error_message\":\"Por favor assinale estas caixas!\",\"control_id_inherit\":true,\"control_layout\":\"vertical\",\"control_name\":\"rechtliches\",\"control_required\":true,\"margin\":\"default\"},\"children\":[{\"type\":\"yooessentials_form_option\",\"props\":{\"disabled\":false,\"text\":\"\n\n<p>Concordo que os dados por mim introduzidos neste formul\\u00e1rio possam ser utilizados para me contactar.*<\\\/p>\"}},{\"type\":\"yooessentials_form_option\",\"props\":{\"disabled\":false,\"text\":\"\n\n<p>Estou ciente de que posso subsequentemente revogar ou opor-me \\u00e0 utiliza\\u00e7\\u00e3o dos meus dados. Pode obter mais informa\\u00e7\\u00f5es atrav\\u00e9s da declara\\u00e7\\u00e3o de protec\\u00e7\\u00e3o de dados.*<\\\/p>\"}}]},{\"type\":\"yooessentials_form_button\",\"props\":{\"grid_column_gap\":\"small\",\"grid_row_gap\":\"small\",\"margin\":\"default\"},\"children\":[{\"type\":\"yooessentials_form_button_item\",\"props\":{\"button_style\":\"default\",\"content\":\"Envie-nos j\\u00e1 a sua quest\\u00e3o\",\"icon_align\":\"left\"}}]},{\"type\":\"yooessentials_form_honeypot\",\"props\":{\"control_min_seconds\":1,\"control_name\":\"honeypot23\",\"control_randomize_name\":true}}]},{\"type\":\"column\",\"props\":{\"image_position\":\"center-center\",\"position_sticky_breakpoint\":\"m\",\"width_medium\":\"1-2\"},\"children\":[{\"type\":\"headline\",\"props\":{\"content\":\"Pens\\u00e3o SiLa\",\"title_element\":\"h2\"}},{\"type\":\"text\",\"props\":{\"column_breakpoint\":\"m\",\"content\":\"\n\n<p>Georg-August-Zinn-Stra\\u00dfe 57<br \\\/>64823 Gro\\u00df-Umstadt, Alemanha<\\\/p>\\n\n\n<p><a href=\\\"mailto:info@pension-sila.de\\\">info@pension-sila.de<\\\/a><br \\\/><a href=\\\"tel:+491743175305\\\">Tel.: +49 174 31 75 305<\\\/a><\\\/p>\",\"margin\":\"default\"}},{\"type\":\"image\",\"props\":{\"image\":\"wp-content\\\/uploads\\\/2023\\\/06\\\/hotel-pension-sila-gross-umstadt-frontansicht.webp\",\"image_alt\":\"Pension Sila - Gro\\u00df-Umstadt\",\"image_border\":\"rounded\",\"image_svg_color\":\"emphasis\",\"margin\":\"default\"}},{\"type\":\"text\",\"props\":{\"column_breakpoint\":\"m\",\"content\":\"\n\n<p>Aguardamos a sua visita.<\\\/p>\",\"margin\":\"default\",\"margin_remove_bottom\":true}},{\"type\":\"image\",\"props\":{\"image\":\"wp-content\\\/uploads\\\/2022\\\/03\\\/pension-hessen-Familie-Mundinger.svg\",\"image_alt\":\"Pension Sila - Gro\\u00df-Umstadt\",\"image_svg_color\":\"emphasis\",\"image_width\":\"280\",\"margin\":\"default\",\"margin_remove_top\":true}}]}],\"props\":{\"divider\":true,\"layout\":\"1-2,1-2\"}}],\"formid\":\"39498527\",\"name\":\"Kontakt-Formular-PT\"},{\"type\":\"section\",\"props\":{\"image_position\":\"center-center\",\"style\":\"primary\",\"title_breakpoint\":\"xl\",\"title_position\":\"top-left\",\"title_rotation\":\"left\",\"vertical_align\":\"middle\",\"width\":\"default\"},\"children\":[{\"type\":\"row\",\"children\":[{\"type\":\"column\",\"props\":{\"image_position\":\"center-center\",\"position_sticky_breakpoint\":\"m\",\"width_medium\":\"1-1\"},\"children\":[{\"type\":\"headline\",\"props\":{\"content\":\"Como nos encontrar\",\"title_element\":\"h1\"}},{\"type\":\"text\",\"props\":{\"column_breakpoint\":\"m\",\"content\":\"\n\n<p>Basta clicar no planeador de rotas no canto superior esquerdo e introduzir o seu endere\\u00e7o numa nova janela, o google far\\u00e1 o resto. \ud83d\ude09<\\\/p>\",\"margin\":\"default\"}},{\"type\":\"html\",\"props\":{\"content\":\"<iframe src=\\\"https:\\\/\\\/www.google.com\\\/maps\\\/embed?pb=!1m18!1m12!1m3!1d2571.5421881801594!2d8.919169451597512!3d49.8698438792982!2m3!1f0!2f0!3f0!3m2!1i1024!2i768!4f13.1!3m3!1m2!1s0x47bd429065801c03%3A0x895ca92b39d637b3!2sPension%20SiLa!5e0!3m2!1sde!2sit!4v1645515116812!5m2!1sde!2sit\\\" width=\\\"100%\\\" height=\\\"500\\\" style=\\\"border:0;\\\" allowfullscreen=\\\"\\\" loading=\\\"lazy\\\"><\\\/iframe>\"}}]}]}],\"name\":\"Kontakt-Map\"}],\"type\":\"layout\",\"version\":\"4.2.11\",\"yooessentialsVersion\":\"2.1.5\"} --><\/p>\n","protected":false},"excerpt":{"rendered":"<p>Consultas e direc\u00e7\u00f5es Tem alguma pergunta? Por favor envie-nos uma mensagem com os seus dados de contacto e o seu pedido.Entraremos em contacto consigo o mais rapidamente poss\u00edvel. Pens\u00e3o SiLa Georg-August-Zinn-Stra\u00dfe 5764823 Gro\u00df-Umstadt, Alemanha info@pension-sila.deTel.: +49 174 31 75 305 Aguardamos a sua visita. Como nos encontrar Basta clicar no planeador de rotas no canto [&hellip;]<\/p>\n","protected":false},"author":1,"featured_media":0,"parent":0,"menu_order":0,"comment_status":"closed","ping_status":"closed","template":"","meta":{"footnotes":""},"class_list":["post-103","page","type-page","status-publish","hentry"],"_links":{"self":[{"href":"https:\/\/www.pension-sila.de\/pt-pt\/wp-json\/wp\/v2\/pages\/103","targetHints":{"allow":["GET"]}}],"collection":[{"href":"https:\/\/www.pension-sila.de\/pt-pt\/wp-json\/wp\/v2\/pages"}],"about":[{"href":"https:\/\/www.pension-sila.de\/pt-pt\/wp-json\/wp\/v2\/types\/page"}],"author":[{"embeddable":true,"href":"https:\/\/www.pension-sila.de\/pt-pt\/wp-json\/wp\/v2\/users\/1"}],"replies":[{"embeddable":true,"href":"https:\/\/www.pension-sila.de\/pt-pt\/wp-json\/wp\/v2\/comments?post=103"}],"version-history":[{"count":16,"href":"https:\/\/www.pension-sila.de\/pt-pt\/wp-json\/wp\/v2\/pages\/103\/revisions"}],"predecessor-version":[{"id":50728,"href":"https:\/\/www.pension-sila.de\/pt-pt\/wp-json\/wp\/v2\/pages\/103\/revisions\/50728"}],"wp:attachment":[{"href":"https:\/\/www.pension-sila.de\/pt-pt\/wp-json\/wp\/v2\/media?parent=103"}],"curies":[{"name":"wp","href":"https:\/\/api.w.org\/{rel}","templated":true}]}}